{"id":600,"date":"2022-05-06T11:48:42","date_gmt":"2022-05-06T09:48:42","guid":{"rendered":"https:\/\/immobilienmadrid.com\/?page_id=600"},"modified":"2024-08-20T18:24:35","modified_gmt":"2024-08-20T16:24:35","slug":"immobilien-kaufen","status":"publish","type":"page","link":"https:\/\/immobilienmadrid.com\/de\/immobilien-kaufen\/","title":{"rendered":"Immobilien in Madrid Kaufen"},"content":{"rendered":"\n<p style=\"font-size:18px\">Wenn Sie eine <strong>Immobilie in Madrid kaufen<\/strong> m\u00f6chten, dann sind Sie bei uns genau richtig. Denn wir vertreiben nicht nur eigene Wohnungen und H\u00e4user sonden arbeiten auch mit anderen <strong>Immobilien Maklern<\/strong> zusammen und k\u00f6nnen somit auf eine viel gr\u00f6ssere Auswahl an Wohnungen zur\u00fcckgreifen.<\/p>\n\n\n\n<p style=\"font-size:18px\">Welche Art von Immobilie suchen Sie denn?<\/p>\n\n\n\n<figure class=\"wp-block-image size-full\"><img loading=\"lazy\" decoding=\"async\" width=\"1651\" height=\"1050\" src=\"https:\/\/immobilienmadrid.com\/wp-content\/uploads\/2024\/08\/real-estate-category-image-2.jpg\" alt=\"\" class=\"wp-image-639\" style=\"aspect-ratio:16\/9;object-fit:cover\" srcset=\"https:\/\/immobilienmadrid.com\/wp-content\/uploads\/2024\/08\/real-estate-category-image-2.jpg 1651w, https:\/\/immobilienmadrid.com\/wp-content\/uploads\/2024\/08\/real-estate-category-image-2-300x191.jpg 300w, https:\/\/immobilienmadrid.com\/wp-content\/uploads\/2024\/08\/real-estate-category-image-2-1024x651.jpg 1024w, https:\/\/immobilienmadrid.com\/wp-content\/uploads\/2024\/08\/real-estate-category-image-2-768x488.jpg 768w, https:\/\/immobilienmadrid.com\/wp-content\/uploads\/2024\/08\/real-estate-category-image-2-1536x977.jpg 1536w, https:\/\/immobilienmadrid.com\/wp-content\/uploads\/2024\/08\/real-estate-category-image-2-18x12.jpg 18w\" sizes=\"auto, (max-width: 1651px) 100vw, 1651px\" \/><\/figure>\n\n\n\n<p style=\"font-size:18px\">Wir betreuen <strong>vor allem Madrid<\/strong> und nahe Umgebung, sprich wir k\u00f6nnen Ihnen bei Wohnungen, H\u00e4usern, Willen, Gesch\u00e4ftsr\u00e4umen usw. das passende Angebot zuspielen.<\/p>\n\n\n\n<p style=\"font-size:18px\">Wichtig ist f\u00fcr uns zu erfahren was Sie genau suchen um Ihnen die bestm\u00f6gliche Immobile in Madrid anbieten zu k\u00f6nnen die Sie dann auch <strong>kaufen<\/strong> m\u00f6chten. Deshalb ist es gut wenn wir uns erst einmal etwas kennenlernen und Sie uns von Ihren W\u00fcnschen erz\u00e4hlen. Dazu k\u00f6nnen Sie uns gern eine erste Email zukommen lassen, das geht ganz einfach \u00fcber unser <a href=\"https:\/\/immobilienmadrid.com\/kontakt\/\">Online Formular<\/a>.<\/p>\n\n\n\n<p style=\"font-size:18px\">F\u00fcr uns ist es am Wichtigsten, dass Sie genau die Immobilie finden, die Sie suchen, zum passenden Preis.<\/p>\n","protected":false},"excerpt":{"rendered":"<p>Wenn Sie eine Immobilie in Madrid kaufen m\u00f6chten, dann sind Sie bei uns genau richtig. Denn wir vertreiben nicht nur eigene Wohnungen und H\u00e4user sonden arbeiten auch mit anderen Immobilien Maklern zusammen und k\u00f6nnen somit auf eine viel gr\u00f6ssere Auswahl an Wohnungen zur\u00fcckgreifen. Welche Art von Immobilie suchen Sie denn? Wir betreuen vor allem Madrid [&hellip;]<\/p>\n","protected":false},"author":1,"featured_media":0,"parent":0,"menu_order":0,"comment_status":"closed","ping_status":"closed","template":"","meta":{"site-sidebar-layout":"default","site-content-layout":"","ast-site-content-layout":"default","site-content-style":"default","site-sidebar-style":"default","ast-global-header-display":"","ast-banner-title-visibility":"","ast-main-header-display":"","ast-hfb-above-header-display":"","ast-hfb-below-header-display":"","ast-hfb-mobile-header-display":"","site-post-title":"","ast-breadcrumbs-content":"","ast-featured-img":"","footer-sml-layout":"","ast-disable-related-posts":"","theme-transparent-header-meta":"","adv-header-id-meta":"","stick-header-meta":"","header-above-stick-meta":"","header-main-stick-meta":"","header-below-stick-meta":"","astra-migrate-meta-layouts":"set","ast-page-background-enabled":"default","ast-page-background-meta":{"desktop":{"background-color":"","background-image":"","background-repeat":"repeat","background-position":"center center","background-size":"auto","background-attachment":"scroll","background-type":"","background-media":"","overlay-type":"","overlay-color":"","overlay-opacity":"","overlay-gradient":""},"tablet":{"background-color":"","background-image":"","background-repeat":"repeat","background-position":"center center","background-size":"auto","background-attachment":"scroll","background-type":"","background-media":"","overlay-type":"","overlay-color":"","overlay-opacity":"","overlay-gradient":""},"mobile":{"background-color":"","background-image":"","background-repeat":"repeat","background-position":"center center","background-size":"auto","background-attachment":"scroll","background-type":"","background-media":"","overlay-type":"","overlay-color":"","overlay-opacity":"","overlay-gradient":""}},"ast-content-background-meta":{"desktop":{"background-color":"var(--ast-global-color-5)","background-image":"","background-repeat":"repeat","background-position":"center center","background-size":"auto","background-attachment":"scroll","background-type":"","background-media":"","overlay-type":"","overlay-color":"","overlay-opacity":"","overlay-gradient":""},"tablet":{"background-color":"var(--ast-global-color-5)","background-image":"","background-repeat":"repeat","background-position":"center center","background-size":"auto","background-attachment":"scroll","background-type":"","background-media":"","overlay-type":"","overlay-color":"","overlay-opacity":"","overlay-gradient":""},"mobile":{"background-color":"var(--ast-global-color-5)","background-image":"","background-repeat":"repeat","background-position":"center center","background-size":"auto","background-attachment":"scroll","background-type":"","background-media":"","overlay-type":"","overlay-color":"","overlay-opacity":"","overlay-gradient":""}},"footnotes":""},"class_list":["post-600","page","type-page","status-publish","hentry"],"yoast_head":"<!-- This site is optimized with the Yoast SEO plugin v27.5 - https:\/\/yoast.com\/product\/yoast-seo-wordpress\/ -->\n<title>Immobilien in Madrid Kaufen, Deutschsprachiger Makler<\/title>\n<meta name=\"description\" content=\"Wenn Sie eine Immobilie in Madrid Kaufen m\u00f6chten, dann komme zu uns. Wir bieten Ihnen den Service auf Deutsch und ein passendes Angebot.\" \/>\n<meta name=\"robots\" content=\"index, follow, max-snippet:-1, max-image-preview:large, max-video-preview:-1\" \/>\n<link rel=\"canonical\" href=\"https:\/\/immobilienmadrid.com\/de\/immobilien-kaufen\/\" \/>\n<meta property=\"og:locale\" content=\"de_DE\" \/>\n<meta property=\"og:type\" content=\"article\" \/>\n<meta property=\"og:title\" content=\"Immobilien in Madrid Kaufen, Deutschsprachiger Makler\" \/>\n<meta property=\"og:description\" content=\"Wenn Sie eine Immobilie in Madrid Kaufen m\u00f6chten, dann komme zu uns. Wir bieten Ihnen den Service auf Deutsch und ein passendes Angebot.\" \/>\n<meta property=\"og:url\" content=\"https:\/\/immobilienmadrid.com\/de\/immobilien-kaufen\/\" \/>\n<meta property=\"og:site_name\" content=\"Immobilien in Madrid Kaufen oder Mieten\" \/>\n<meta property=\"article:modified_time\" content=\"2024-08-20T16:24:35+00:00\" \/>\n<meta property=\"og:image\" content=\"https:\/\/immobilienmadrid.com\/wp-content\/uploads\/2024\/08\/real-estate-category-image-2.jpg\" \/>\n<meta name=\"twitter:card\" content=\"summary_large_image\" \/>\n<meta name=\"twitter:label1\" content=\"Gesch\u00e4tzte Lesezeit\" \/>\n\t<meta name=\"twitter:data1\" content=\"2\u00a0Minuten\" \/>\n<script type=\"application\/ld+json\" class=\"yoast-schema-graph\">{\"@context\":\"https:\\\/\\\/schema.org\",\"@graph\":[{\"@type\":\"WebPage\",\"@id\":\"https:\\\/\\\/immobilienmadrid.com\\\/immobilien-kaufen\\\/\",\"url\":\"https:\\\/\\\/immobilienmadrid.com\\\/immobilien-kaufen\\\/\",\"name\":\"Immobilien in Madrid Kaufen, Deutschsprachiger Makler\",\"isPartOf\":{\"@id\":\"https:\\\/\\\/immobilienmadrid.com\\\/#website\"},\"primaryImageOfPage\":{\"@id\":\"https:\\\/\\\/immobilienmadrid.com\\\/immobilien-kaufen\\\/#primaryimage\"},\"image\":{\"@id\":\"https:\\\/\\\/immobilienmadrid.com\\\/immobilien-kaufen\\\/#primaryimage\"},\"thumbnailUrl\":\"https:\\\/\\\/immobilienmadrid.com\\\/wp-content\\\/uploads\\\/2024\\\/08\\\/real-estate-category-image-2.jpg\",\"datePublished\":\"2022-05-06T09:48:42+00:00\",\"dateModified\":\"2024-08-20T16:24:35+00:00\",\"description\":\"Wenn Sie eine Immobilie in Madrid Kaufen m\u00f6chten, dann komme zu uns. Wir bieten Ihnen den Service auf Deutsch und ein passendes Angebot.\",\"breadcrumb\":{\"@id\":\"https:\\\/\\\/immobilienmadrid.com\\\/immobilien-kaufen\\\/#breadcrumb\"},\"inLanguage\":\"de\",\"potentialAction\":[{\"@type\":\"ReadAction\",\"target\":[\"https:\\\/\\\/immobilienmadrid.com\\\/immobilien-kaufen\\\/\"]}]},{\"@type\":\"ImageObject\",\"inLanguage\":\"de\",\"@id\":\"https:\\\/\\\/immobilienmadrid.com\\\/immobilien-kaufen\\\/#primaryimage\",\"url\":\"https:\\\/\\\/immobilienmadrid.com\\\/wp-content\\\/uploads\\\/2024\\\/08\\\/real-estate-category-image-2.jpg\",\"contentUrl\":\"https:\\\/\\\/immobilienmadrid.com\\\/wp-content\\\/uploads\\\/2024\\\/08\\\/real-estate-category-image-2.jpg\"},{\"@type\":\"BreadcrumbList\",\"@id\":\"https:\\\/\\\/immobilienmadrid.com\\\/immobilien-kaufen\\\/#breadcrumb\",\"itemListElement\":[{\"@type\":\"ListItem\",\"position\":1,\"name\":\"Portada\",\"item\":\"https:\\\/\\\/immobilienmadrid.com\\\/\"},{\"@type\":\"ListItem\",\"position\":2,\"name\":\"Immobilien in Madrid Kaufen\"}]},{\"@type\":\"WebSite\",\"@id\":\"https:\\\/\\\/immobilienmadrid.com\\\/#website\",\"url\":\"https:\\\/\\\/immobilienmadrid.com\\\/\",\"name\":\"Immobilien in Madrid Kaufen oder Mieten\",\"description\":\"\",\"publisher\":{\"@id\":\"https:\\\/\\\/immobilienmadrid.com\\\/#organization\"},\"potentialAction\":[{\"@type\":\"SearchAction\",\"target\":{\"@type\":\"EntryPoint\",\"urlTemplate\":\"https:\\\/\\\/immobilienmadrid.com\\\/?s={search_term_string}\"},\"query-input\":{\"@type\":\"PropertyValueSpecification\",\"valueRequired\":true,\"valueName\":\"search_term_string\"}}],\"inLanguage\":\"de\"},{\"@type\":\"Organization\",\"@id\":\"https:\\\/\\\/immobilienmadrid.com\\\/#organization\",\"name\":\"Immobilien Madrid\",\"url\":\"https:\\\/\\\/immobilienmadrid.com\\\/\",\"logo\":{\"@type\":\"ImageObject\",\"inLanguage\":\"de\",\"@id\":\"https:\\\/\\\/immobilienmadrid.com\\\/#\\\/schema\\\/logo\\\/image\\\/\",\"url\":\"https:\\\/\\\/immobilienmadrid.com\\\/wp-content\\\/uploads\\\/2022\\\/05\\\/cropped-immomad_logo-3.png\",\"contentUrl\":\"https:\\\/\\\/immobilienmadrid.com\\\/wp-content\\\/uploads\\\/2022\\\/05\\\/cropped-immomad_logo-3.png\",\"width\":1080,\"height\":360,\"caption\":\"Immobilien Madrid\"},\"image\":{\"@id\":\"https:\\\/\\\/immobilienmadrid.com\\\/#\\\/schema\\\/logo\\\/image\\\/\"}}]}<\/script>\n<!-- \/ Yoast SEO plugin. -->","yoast_head_json":{"title":"Immobilien in Madrid Kaufen, Deutschsprachiger Makler","description":"Wenn Sie eine Immobilie in Madrid Kaufen m\u00f6chten, dann komme zu uns. Wir bieten Ihnen den Service auf Deutsch und ein passendes Angebot.","robots":{"index":"index","follow":"follow","max-snippet":"max-snippet:-1","max-image-preview":"max-image-preview:large","max-video-preview":"max-video-preview:-1"},"canonical":"https:\/\/immobilienmadrid.com\/de\/immobilien-kaufen\/","og_locale":"de_DE","og_type":"article","og_title":"Immobilien in Madrid Kaufen, Deutschsprachiger Makler","og_description":"Wenn Sie eine Immobilie in Madrid Kaufen m\u00f6chten, dann komme zu uns. Wir bieten Ihnen den Service auf Deutsch und ein passendes Angebot.","og_url":"https:\/\/immobilienmadrid.com\/de\/immobilien-kaufen\/","og_site_name":"Immobilien in Madrid Kaufen oder Mieten","article_modified_time":"2024-08-20T16:24:35+00:00","og_image":[{"url":"https:\/\/immobilienmadrid.com\/wp-content\/uploads\/2024\/08\/real-estate-category-image-2.jpg","type":"","width":"","height":""}],"twitter_card":"summary_large_image","twitter_misc":{"Gesch\u00e4tzte Lesezeit":"2\u00a0Minuten"},"schema":{"@context":"https:\/\/schema.org","@graph":[{"@type":"WebPage","@id":"https:\/\/immobilienmadrid.com\/immobilien-kaufen\/","url":"https:\/\/immobilienmadrid.com\/immobilien-kaufen\/","name":"Immobilien in Madrid Kaufen, Deutschsprachiger Makler","isPartOf":{"@id":"https:\/\/immobilienmadrid.com\/#website"},"primaryImageOfPage":{"@id":"https:\/\/immobilienmadrid.com\/immobilien-kaufen\/#primaryimage"},"image":{"@id":"https:\/\/immobilienmadrid.com\/immobilien-kaufen\/#primaryimage"},"thumbnailUrl":"https:\/\/immobilienmadrid.com\/wp-content\/uploads\/2024\/08\/real-estate-category-image-2.jpg","datePublished":"2022-05-06T09:48:42+00:00","dateModified":"2024-08-20T16:24:35+00:00","description":"Wenn Sie eine Immobilie in Madrid Kaufen m\u00f6chten, dann komme zu uns. Wir bieten Ihnen den Service auf Deutsch und ein passendes Angebot.","breadcrumb":{"@id":"https:\/\/immobilienmadrid.com\/immobilien-kaufen\/#breadcrumb"},"inLanguage":"de","potentialAction":[{"@type":"ReadAction","target":["https:\/\/immobilienmadrid.com\/immobilien-kaufen\/"]}]},{"@type":"ImageObject","inLanguage":"de","@id":"https:\/\/immobilienmadrid.com\/immobilien-kaufen\/#primaryimage","url":"https:\/\/immobilienmadrid.com\/wp-content\/uploads\/2024\/08\/real-estate-category-image-2.jpg","contentUrl":"https:\/\/immobilienmadrid.com\/wp-content\/uploads\/2024\/08\/real-estate-category-image-2.jpg"},{"@type":"BreadcrumbList","@id":"https:\/\/immobilienmadrid.com\/immobilien-kaufen\/#breadcrumb","itemListElement":[{"@type":"ListItem","position":1,"name":"Portada","item":"https:\/\/immobilienmadrid.com\/"},{"@type":"ListItem","position":2,"name":"Immobilien in Madrid Kaufen"}]},{"@type":"WebSite","@id":"https:\/\/immobilienmadrid.com\/#website","url":"https:\/\/immobilienmadrid.com\/","name":"Immobilien in Madrid Kaufen oder Mieten","description":"","publisher":{"@id":"https:\/\/immobilienmadrid.com\/#organization"},"potentialAction":[{"@type":"SearchAction","target":{"@type":"EntryPoint","urlTemplate":"https:\/\/immobilienmadrid.com\/?s={search_term_string}"},"query-input":{"@type":"PropertyValueSpecification","valueRequired":true,"valueName":"search_term_string"}}],"inLanguage":"de"},{"@type":"Organization","@id":"https:\/\/immobilienmadrid.com\/#organization","name":"Immobilien Madrid","url":"https:\/\/immobilienmadrid.com\/","logo":{"@type":"ImageObject","inLanguage":"de","@id":"https:\/\/immobilienmadrid.com\/#\/schema\/logo\/image\/","url":"https:\/\/immobilienmadrid.com\/wp-content\/uploads\/2022\/05\/cropped-immomad_logo-3.png","contentUrl":"https:\/\/immobilienmadrid.com\/wp-content\/uploads\/2022\/05\/cropped-immomad_logo-3.png","width":1080,"height":360,"caption":"Immobilien Madrid"},"image":{"@id":"https:\/\/immobilienmadrid.com\/#\/schema\/logo\/image\/"}}]}},"_links":{"self":[{"href":"https:\/\/immobilienmadrid.com\/de\/wp-json\/wp\/v2\/pages\/600","targetHints":{"allow":["GET"]}}],"collection":[{"href":"https:\/\/immobilienmadrid.com\/de\/wp-json\/wp\/v2\/pages"}],"about":[{"href":"https:\/\/immobilienmadrid.com\/de\/wp-json\/wp\/v2\/types\/page"}],"author":[{"embeddable":true,"href":"https:\/\/immobilienmadrid.com\/de\/wp-json\/wp\/v2\/users\/1"}],"replies":[{"embeddable":true,"href":"https:\/\/immobilienmadrid.com\/de\/wp-json\/wp\/v2\/comments?post=600"}],"version-history":[{"count":5,"href":"https:\/\/immobilienmadrid.com\/de\/wp-json\/wp\/v2\/pages\/600\/revisions"}],"predecessor-version":[{"id":690,"href":"https:\/\/immobilienmadrid.com\/de\/wp-json\/wp\/v2\/pages\/600\/revisions\/690"}],"wp:attachment":[{"href":"https:\/\/immobilienmadrid.com\/de\/wp-json\/wp\/v2\/media?parent=600"}],"curies":[{"name":"wp","href":"https:\/\/api.w.org\/{rel}","templated":true}]}}