{"id":219,"date":"2020-05-12T03:43:04","date_gmt":"2020-05-12T03:43:04","guid":{"rendered":"https:\/\/immobilienmadrid.com\/services\/"},"modified":"2024-08-20T18:16:26","modified_gmt":"2024-08-20T16:16:26","slug":"leistungen","status":"publish","type":"page","link":"https:\/\/immobilienmadrid.com\/de\/leistungen\/","title":{"rendered":"Leistungen"},"content":{"rendered":"\n<div class=\"wp-block-cover alignfull is-light\" style=\"min-height:380px;aspect-ratio:unset;\"><span aria-hidden=\"true\" class=\"wp-block-cover__background has-background-dim\" style=\"background-color:#a79d92\"><\/span><img loading=\"lazy\" decoding=\"async\" width=\"1280\" height=\"853\" class=\"wp-block-cover__image-background wp-image-34\" alt=\"\" src=\"http:\/\/immobilienmadrid.com\/wp-content\/uploads\/2020\/04\/photo-of-people-standing-on-top-of-mountain-near-grasses-733162.jpg\" data-object-fit=\"cover\" srcset=\"https:\/\/immobilienmadrid.com\/wp-content\/uploads\/2020\/04\/photo-of-people-standing-on-top-of-mountain-near-grasses-733162.jpg 1280w, https:\/\/immobilienmadrid.com\/wp-content\/uploads\/2020\/04\/photo-of-people-standing-on-top-of-mountain-near-grasses-733162-300x200.jpg 300w, https:\/\/immobilienmadrid.com\/wp-content\/uploads\/2020\/04\/photo-of-people-standing-on-top-of-mountain-near-grasses-733162-1024x682.jpg 1024w, https:\/\/immobilienmadrid.com\/wp-content\/uploads\/2020\/04\/photo-of-people-standing-on-top-of-mountain-near-grasses-733162-768x512.jpg 768w\" sizes=\"auto, (max-width: 1280px) 100vw, 1280px\" \/><div class=\"wp-block-cover__inner-container is-layout-flow wp-block-cover-is-layout-flow\">\n<h1 class=\"wp-block-heading has-text-align-center has-white-color has-text-color\">Leistungen<\/h1>\n<\/div><\/div>\n\n\n\n<div class=\"wp-block-group alignfull has-ast-global-color-5-background-color has-background is-layout-flow wp-block-group-is-layout-flow\"><div class=\"wp-block-group__inner-container\">\n<div class=\"wp-block-media-text alignwide has-media-on-the-right is-stacked-on-mobile\"><div class=\"wp-block-media-text__content\">\n<h2 class=\"wp-block-heading\">Verkauf von Immobilien<\/h2>\n\n\n\n<p>Wir helfen Ihnen im kompletten Kauf-Prozess einer Immobilie vom Anfang bis zur Schl\u00fcssel\u00fcbergabe und passen uns auf Ihre Bed\u00fcrfnisse an.<\/p>\n\n\n\n<div class=\"wp-block-buttons is-layout-flex wp-block-buttons-is-layout-flex\">\n<div class=\"wp-block-button has-custom-font-size is-style-fill\" style=\"font-size:15px\"><a class=\"wp-block-button__link wp-element-button\" href=\"https:\/\/immobilienmadrid.com\/kontakt\/\" style=\"padding-top:var(--wp--preset--spacing--40);padding-right:var(--wp--preset--spacing--60);padding-bottom:var(--wp--preset--spacing--40);padding-left:var(--wp--preset--spacing--60)\" rel=\"#\">Anfragen<\/a><\/div>\n<\/div>\n<\/div><figure class=\"wp-block-media-text__media\"><img loading=\"lazy\" decoding=\"async\" width=\"1024\" height=\"684\" src=\"http:\/\/immobilienmadrid.com\/wp-content\/uploads\/2022\/05\/pexels-terry-magallanes-3623770-1024x684.jpg\" alt=\"\" class=\"wp-image-567 size-full\" srcset=\"https:\/\/immobilienmadrid.com\/wp-content\/uploads\/2022\/05\/pexels-terry-magallanes-3623770-1024x684.jpg 1024w, https:\/\/immobilienmadrid.com\/wp-content\/uploads\/2022\/05\/pexels-terry-magallanes-3623770-300x200.jpg 300w, https:\/\/immobilienmadrid.com\/wp-content\/uploads\/2022\/05\/pexels-terry-magallanes-3623770-768x513.jpg 768w, https:\/\/immobilienmadrid.com\/wp-content\/uploads\/2022\/05\/pexels-terry-magallanes-3623770-1536x1025.jpg 1536w, https:\/\/immobilienmadrid.com\/wp-content\/uploads\/2022\/05\/pexels-terry-magallanes-3623770-2048x1367.jpg 2048w\" sizes=\"auto, (max-width: 1024px) 100vw, 1024px\" \/><\/figure><\/div>\n<\/div><\/div>\n\n\n\n<div class=\"wp-block-group alignfull has-ast-global-color-5-background-color has-background is-layout-flow wp-block-group-is-layout-flow\"><div class=\"wp-block-group__inner-container\">\n<div class=\"wp-block-media-text alignwide is-stacked-on-mobile\"><figure class=\"wp-block-media-text__media\"><img loading=\"lazy\" decoding=\"async\" width=\"1024\" height=\"682\" src=\"http:\/\/immobilienmadrid.com\/wp-content\/uploads\/2022\/05\/pexels-andrea-piacquadio-3768998-1024x682.jpg\" alt=\"\" class=\"wp-image-570 size-full\" srcset=\"https:\/\/immobilienmadrid.com\/wp-content\/uploads\/2022\/05\/pexels-andrea-piacquadio-3768998-1024x682.jpg 1024w, https:\/\/immobilienmadrid.com\/wp-content\/uploads\/2022\/05\/pexels-andrea-piacquadio-3768998-300x200.jpg 300w, https:\/\/immobilienmadrid.com\/wp-content\/uploads\/2022\/05\/pexels-andrea-piacquadio-3768998-768x512.jpg 768w, https:\/\/immobilienmadrid.com\/wp-content\/uploads\/2022\/05\/pexels-andrea-piacquadio-3768998-1536x1023.jpg 1536w, https:\/\/immobilienmadrid.com\/wp-content\/uploads\/2022\/05\/pexels-andrea-piacquadio-3768998-2048x1364.jpg 2048w\" sizes=\"auto, (max-width: 1024px) 100vw, 1024px\" \/><\/figure><div class=\"wp-block-media-text__content\">\n<h2 class=\"wp-block-heading\">Beratung<\/h2>\n\n\n\n<p>Wir beraten Sie zum Standort, helfen bei \u00dcbersetzungen, Beh\u00f6rdeng\u00e4nge etc. zu einem festen Stundensatz.<\/p>\n\n\n\n<div class=\"wp-block-buttons is-layout-flex wp-block-buttons-is-layout-flex\">\n<div class=\"wp-block-button has-custom-font-size is-style-fill\" style=\"font-size:15px\"><a class=\"wp-block-button__link wp-element-button\" href=\"https:\/\/immobilienmadrid.com\/kontakt\/\" style=\"padding-top:var(--wp--preset--spacing--40);padding-right:var(--wp--preset--spacing--60);padding-bottom:var(--wp--preset--spacing--40);padding-left:var(--wp--preset--spacing--60)\" rel=\"#\">Anfragen<\/a><\/div>\n<\/div>\n<\/div><\/div>\n<\/div><\/div>\n\n\n\n<div class=\"wp-block-group alignfull has-ast-global-color-5-background-color has-background is-layout-flow wp-block-group-is-layout-flow\"><div class=\"wp-block-group__inner-container\">\n<div class=\"wp-block-media-text alignwide has-media-on-the-right is-stacked-on-mobile\"><div class=\"wp-block-media-text__content\">\n<h2 class=\"wp-block-heading\">Wertermittlung<\/h2>\n\n\n\n<p>Mit unseren Tools und Markterfahrung k\u00f6nnen wir den Preis einer Immobilie recht genau sch\u00e4tzen was Ihnen sehr hilfreich ist um eine Wohnung oder ein Haus bewerten zu k\u00f6nnen.<\/p>\n\n\n\n<div class=\"wp-block-buttons is-layout-flex wp-block-buttons-is-layout-flex\">\n<div class=\"wp-block-button has-custom-font-size is-style-fill\" style=\"font-size:15px\"><a class=\"wp-block-button__link wp-element-button\" href=\"https:\/\/immobilienmadrid.com\/kontakt\/\" style=\"padding-top:var(--wp--preset--spacing--40);padding-right:var(--wp--preset--spacing--50);padding-bottom:var(--wp--preset--spacing--40);padding-left:var(--wp--preset--spacing--50)\" rel=\"#\">Anfragen<\/a><\/div>\n<\/div>\n<\/div><figure class=\"wp-block-media-text__media\"><img loading=\"lazy\" decoding=\"async\" width=\"1024\" height=\"680\" src=\"http:\/\/immobilienmadrid.com\/wp-content\/uploads\/2024\/08\/real-estate-21-1024x680.jpg\" alt=\"\" class=\"wp-image-641 size-full\" srcset=\"https:\/\/immobilienmadrid.com\/wp-content\/uploads\/2024\/08\/real-estate-21-1024x680.jpg 1024w, https:\/\/immobilienmadrid.com\/wp-content\/uploads\/2024\/08\/real-estate-21-300x199.jpg 300w, https:\/\/immobilienmadrid.com\/wp-content\/uploads\/2024\/08\/real-estate-21-768x510.jpg 768w, https:\/\/immobilienmadrid.com\/wp-content\/uploads\/2024\/08\/real-estate-21-18x12.jpg 18w, https:\/\/immobilienmadrid.com\/wp-content\/uploads\/2024\/08\/real-estate-21.jpg 1500w\" sizes=\"auto, (max-width: 1024px) 100vw, 1024px\" \/><\/figure><\/div>\n<\/div><\/div>\n\n\n\n<div class=\"wp-block-group alignfull has-ast-global-color-4-background-color has-background is-layout-flow wp-block-group-is-layout-flow\"><div class=\"wp-block-group__inner-container\">\n<h2 class=\"wp-block-heading has-text-align-center\">H\u00e4ufige Fragen<\/h2>\n\n\n\n<p class=\"has-text-align-center\">Finden Sie eine Antwort<\/p>\n\n\n\n<p><\/p>\n\n\n\n<div class=\"wp-block-columns is-layout-flex wp-container-core-columns-is-layout-28f84493 wp-block-columns-is-layout-flex\">\n<div class=\"wp-block-column is-layout-flow wp-block-column-is-layout-flow\">\n<h4 class=\"wp-block-heading has-text-align-left\">Wie hoch sind die durchschnittlichen Immobilienpreise in Madrid?<\/h4>\n\n\n\n<p class=\"has-text-align-left\">Die Preise k\u00f6nnen je nach Lage stark variieren. In zentralen Stadtteilen wie Salamanca oder Chamber\u00ed sind die Quadratmeterpreise deutlich h\u00f6her als in den Au\u00dfenbezirken.<\/p>\n\n\n\n<h4 class=\"wp-block-heading has-text-align-left\">Welche zus\u00e4tzlichen Kosten fallen beim Kauf einer Immobilie in Madrid an?<\/h4>\n\n\n\n<p class=\"has-text-align-left\">Neben dem Kaufpreis m\u00fcssen K\u00e4ufer mit Nebenkosten wie Notargeb\u00fchren, Grundsteuer (Impuesto de Transmisiones Patrimoniales), Grundbucheintragung und Mehrwertsteuer und Maklergeb\u00fchren rechnen.<\/p>\n\n\n\n<h4 class=\"wp-block-heading has-text-align-left\">Ist eine Finanzierung durch spanische Banken f\u00fcr Ausl\u00e4nder m\u00f6glich?<\/h4>\n\n\n\n<p class=\"has-text-align-left\">Ja, spanische Banken bieten auch Ausl\u00e4ndern Hypotheken an, allerdings unterliegen diese bestimmten Bedingungen, und oft wird ein h\u00f6herer Eigenkapitalanteil gefordert.<\/p>\n<\/div>\n\n\n\n<div class=\"wp-block-column is-layout-flow wp-block-column-is-layout-flow\">\n<h4 class=\"wp-block-heading has-text-align-left\">Ben\u00f6tige ich einen Anwalt, um eine Immobilie in Madrid zu kaufen?<\/h4>\n\n\n\n<p class=\"has-text-align-left\">Es wird zwar empfohlen, auch einen Anwalt hinzuzuziehen, dies ist danke ImmobilienMadrid.com allerdings nicht unbedingt n\u00f6tig.<\/p>\n\n\n\n<h4 class=\"wp-block-heading has-text-align-left\">Welche Viertel in Madrid sind f\u00fcr Immobilieninvestitionen besonders attraktiv?<\/h4>\n\n\n\n<p class=\"has-text-align-left\">Beliebte Viertel f\u00fcr Investitionen sind Salamanca, Chamber\u00ed, Malasa\u00f1a, sowie aufstrebende Viertel wie Lavapi\u00e9s und Arganzuela, die zunehmend an Attraktivit\u00e4t gewinnen.<\/p>\n\n\n\n<h4 class=\"wp-block-heading has-text-align-left\">Wie l\u00e4uft der Kaufprozess einer Immobilie in Madrid ab?<\/h4>\n\n\n\n<p class=\"has-text-align-left\">Der Kaufprozess umfasst in der Regel die Unterzeichnung eines Reservierungsvertrags, die Pr\u00fcfung der Immobilie durch einen Makler, die Finanzierung und den endg\u00fcltigen Kaufvertrag, der vor einem Notar unterzeichnet wird.<\/p>\n<\/div>\n<\/div>\n<\/div><\/div>\n","protected":false},"excerpt":{"rendered":"<p>Verkauf von Immobilien Wir helfen Ihnen im kompletten Kauf-Prozess einer Immobilie vom Anfang bis zur Schl\u00fcssel\u00fcbergabe und passen uns auf Ihre Bed\u00fcrfnisse an. Beratung Wir beraten Sie zum Standort, helfen bei \u00dcbersetzungen, Beh\u00f6rdeng\u00e4nge etc. zu einem festen Stundensatz. Wertermittlung Mit unseren Tools und Markterfahrung k\u00f6nnen wir den Preis einer Immobilie recht genau sch\u00e4tzen was Ihnen [&hellip;]<\/p>\n","protected":false},"author":1,"featured_media":0,"parent":0,"menu_order":0,"comment_status":"closed","ping_status":"closed","template":"","meta":{"site-sidebar-layout":"no-sidebar","site-content-layout":"plain-container","ast-site-content-layout":"normal-width-container","site-content-style":"unboxed","site-sidebar-style":"unboxed","ast-global-header-display":"","ast-banner-title-visibility":"","ast-main-header-display":"","ast-hfb-above-header-display":"","ast-hfb-below-header-display":"","ast-hfb-mobile-header-display":"","site-post-title":"disabled","ast-breadcrumbs-content":"","ast-featured-img":"disabled","footer-sml-layout":"","ast-disable-related-posts":"","theme-transparent-header-meta":"enabled","adv-header-id-meta":"","stick-header-meta":"","header-above-stick-meta":"","header-main-stick-meta":"","header-below-stick-meta":"","astra-migrate-meta-layouts":"set","ast-page-background-enabled":"default","ast-page-background-meta":{"desktop":{"background-color":"","background-image":"","background-repeat":"repeat","background-position":"center center","background-size":"auto","background-attachment":"scroll","background-type":"","background-media":"","overlay-type":"","overlay-color":"","overlay-opacity":"","overlay-gradient":""},"tablet":{"background-color":"","background-image":"","background-repeat":"repeat","background-position":"center center","background-size":"auto","background-attachment":"scroll","background-type":"","background-media":"","overlay-type":"","overlay-color":"","overlay-opacity":"","overlay-gradient":""},"mobile":{"background-color":"","background-image":"","background-repeat":"repeat","background-position":"center center","background-size":"auto","background-attachment":"scroll","background-type":"","background-media":"","overlay-type":"","overlay-color":"","overlay-opacity":"","overlay-gradient":""}},"ast-content-background-meta":{"desktop":{"background-color":"var(--ast-global-color-5)","background-image":"","background-repeat":"repeat","background-position":"center center","background-size":"auto","background-attachment":"scroll","background-type":"","background-media":"","overlay-type":"","overlay-color":"","overlay-opacity":"","overlay-gradient":""},"tablet":{"background-color":"var(--ast-global-color-5)","background-image":"","background-repeat":"repeat","background-position":"center center","background-size":"auto","background-attachment":"scroll","background-type":"","background-media":"","overlay-type":"","overlay-color":"","overlay-opacity":"","overlay-gradient":""},"mobile":{"background-color":"var(--ast-global-color-5)","background-image":"","background-repeat":"repeat","background-position":"center center","background-size":"auto","background-attachment":"scroll","background-type":"","background-media":"","overlay-type":"","overlay-color":"","overlay-opacity":"","overlay-gradient":""}},"footnotes":""},"class_list":["post-219","page","type-page","status-publish","hentry"],"yoast_head":"<!-- This site is optimized with the Yoast SEO plugin v27.5 - https:\/\/yoast.com\/product\/yoast-seo-wordpress\/ -->\n<title>Leistungen: Immobilien in Madrid Kaufen oder Mieten<\/title>\n<meta name=\"description\" content=\"Wenn Sie eine Immobilie in Madrid kaufen oder mieten m\u00f6chten, fragen Sie uns zu Wohnungen, H\u00e4user mit Garten etc.\" \/>\n<meta name=\"robots\" content=\"index, follow, max-snippet:-1, max-image-preview:large, max-video-preview:-1\" \/>\n<link rel=\"canonical\" href=\"https:\/\/immobilienmadrid.com\/de\/leistungen\/\" \/>\n<meta property=\"og:locale\" content=\"de_DE\" \/>\n<meta property=\"og:type\" content=\"article\" \/>\n<meta property=\"og:title\" content=\"Leistungen: Immobilien in Madrid Kaufen oder Mieten\" \/>\n<meta property=\"og:description\" content=\"Wenn Sie eine Immobilie in Madrid kaufen oder mieten m\u00f6chten, fragen Sie uns zu Wohnungen, H\u00e4user mit Garten etc.\" \/>\n<meta property=\"og:url\" content=\"https:\/\/immobilienmadrid.com\/de\/leistungen\/\" \/>\n<meta property=\"og:site_name\" content=\"Immobilien in Madrid Kaufen oder Mieten\" \/>\n<meta property=\"article:modified_time\" content=\"2024-08-20T16:16:26+00:00\" \/>\n<meta property=\"og:image\" content=\"http:\/\/immobilienmadrid.com\/wp-content\/uploads\/2020\/04\/photo-of-people-standing-on-top-of-mountain-near-grasses-733162.jpg\" \/>\n<meta name=\"twitter:card\" content=\"summary_large_image\" \/>\n<meta name=\"twitter:label1\" content=\"Gesch\u00e4tzte Lesezeit\" \/>\n\t<meta name=\"twitter:data1\" content=\"3\u00a0Minuten\" \/>\n<script type=\"application\/ld+json\" class=\"yoast-schema-graph\">{\"@context\":\"https:\\\/\\\/schema.org\",\"@graph\":[{\"@type\":\"WebPage\",\"@id\":\"https:\\\/\\\/immobilienmadrid.com\\\/leistungen\\\/\",\"url\":\"https:\\\/\\\/immobilienmadrid.com\\\/leistungen\\\/\",\"name\":\"Leistungen: Immobilien in Madrid Kaufen oder Mieten\",\"isPartOf\":{\"@id\":\"https:\\\/\\\/immobilienmadrid.com\\\/#website\"},\"primaryImageOfPage\":{\"@id\":\"https:\\\/\\\/immobilienmadrid.com\\\/leistungen\\\/#primaryimage\"},\"image\":{\"@id\":\"https:\\\/\\\/immobilienmadrid.com\\\/leistungen\\\/#primaryimage\"},\"thumbnailUrl\":\"http:\\\/\\\/immobilienmadrid.com\\\/wp-content\\\/uploads\\\/2020\\\/04\\\/photo-of-people-standing-on-top-of-mountain-near-grasses-733162.jpg\",\"datePublished\":\"2020-05-12T03:43:04+00:00\",\"dateModified\":\"2024-08-20T16:16:26+00:00\",\"description\":\"Wenn Sie eine Immobilie in Madrid kaufen oder mieten m\u00f6chten, fragen Sie uns zu Wohnungen, H\u00e4user mit Garten etc.\",\"breadcrumb\":{\"@id\":\"https:\\\/\\\/immobilienmadrid.com\\\/leistungen\\\/#breadcrumb\"},\"inLanguage\":\"de\",\"potentialAction\":[{\"@type\":\"ReadAction\",\"target\":[\"https:\\\/\\\/immobilienmadrid.com\\\/leistungen\\\/\"]}]},{\"@type\":\"ImageObject\",\"inLanguage\":\"de\",\"@id\":\"https:\\\/\\\/immobilienmadrid.com\\\/leistungen\\\/#primaryimage\",\"url\":\"http:\\\/\\\/immobilienmadrid.com\\\/wp-content\\\/uploads\\\/2020\\\/04\\\/photo-of-people-standing-on-top-of-mountain-near-grasses-733162.jpg\",\"contentUrl\":\"http:\\\/\\\/immobilienmadrid.com\\\/wp-content\\\/uploads\\\/2020\\\/04\\\/photo-of-people-standing-on-top-of-mountain-near-grasses-733162.jpg\"},{\"@type\":\"BreadcrumbList\",\"@id\":\"https:\\\/\\\/immobilienmadrid.com\\\/leistungen\\\/#breadcrumb\",\"itemListElement\":[{\"@type\":\"ListItem\",\"position\":1,\"name\":\"Portada\",\"item\":\"https:\\\/\\\/immobilienmadrid.com\\\/\"},{\"@type\":\"ListItem\",\"position\":2,\"name\":\"Leistungen\"}]},{\"@type\":\"WebSite\",\"@id\":\"https:\\\/\\\/immobilienmadrid.com\\\/#website\",\"url\":\"https:\\\/\\\/immobilienmadrid.com\\\/\",\"name\":\"Immobilien in Madrid Kaufen oder Mieten\",\"description\":\"\",\"publisher\":{\"@id\":\"https:\\\/\\\/immobilienmadrid.com\\\/#organization\"},\"potentialAction\":[{\"@type\":\"SearchAction\",\"target\":{\"@type\":\"EntryPoint\",\"urlTemplate\":\"https:\\\/\\\/immobilienmadrid.com\\\/?s={search_term_string}\"},\"query-input\":{\"@type\":\"PropertyValueSpecification\",\"valueRequired\":true,\"valueName\":\"search_term_string\"}}],\"inLanguage\":\"de\"},{\"@type\":\"Organization\",\"@id\":\"https:\\\/\\\/immobilienmadrid.com\\\/#organization\",\"name\":\"Immobilien Madrid\",\"url\":\"https:\\\/\\\/immobilienmadrid.com\\\/\",\"logo\":{\"@type\":\"ImageObject\",\"inLanguage\":\"de\",\"@id\":\"https:\\\/\\\/immobilienmadrid.com\\\/#\\\/schema\\\/logo\\\/image\\\/\",\"url\":\"https:\\\/\\\/immobilienmadrid.com\\\/wp-content\\\/uploads\\\/2022\\\/05\\\/cropped-immomad_logo-3.png\",\"contentUrl\":\"https:\\\/\\\/immobilienmadrid.com\\\/wp-content\\\/uploads\\\/2022\\\/05\\\/cropped-immomad_logo-3.png\",\"width\":1080,\"height\":360,\"caption\":\"Immobilien Madrid\"},\"image\":{\"@id\":\"https:\\\/\\\/immobilienmadrid.com\\\/#\\\/schema\\\/logo\\\/image\\\/\"}}]}<\/script>\n<!-- \/ Yoast SEO plugin. -->","yoast_head_json":{"title":"Leistungen: Immobilien in Madrid Kaufen oder Mieten","description":"Wenn Sie eine Immobilie in Madrid kaufen oder mieten m\u00f6chten, fragen Sie uns zu Wohnungen, H\u00e4user mit Garten etc.","robots":{"index":"index","follow":"follow","max-snippet":"max-snippet:-1","max-image-preview":"max-image-preview:large","max-video-preview":"max-video-preview:-1"},"canonical":"https:\/\/immobilienmadrid.com\/de\/leistungen\/","og_locale":"de_DE","og_type":"article","og_title":"Leistungen: Immobilien in Madrid Kaufen oder Mieten","og_description":"Wenn Sie eine Immobilie in Madrid kaufen oder mieten m\u00f6chten, fragen Sie uns zu Wohnungen, H\u00e4user mit Garten etc.","og_url":"https:\/\/immobilienmadrid.com\/de\/leistungen\/","og_site_name":"Immobilien in Madrid Kaufen oder Mieten","article_modified_time":"2024-08-20T16:16:26+00:00","og_image":[{"url":"http:\/\/immobilienmadrid.com\/wp-content\/uploads\/2020\/04\/photo-of-people-standing-on-top-of-mountain-near-grasses-733162.jpg","type":"","width":"","height":""}],"twitter_card":"summary_large_image","twitter_misc":{"Gesch\u00e4tzte Lesezeit":"3\u00a0Minuten"},"schema":{"@context":"https:\/\/schema.org","@graph":[{"@type":"WebPage","@id":"https:\/\/immobilienmadrid.com\/leistungen\/","url":"https:\/\/immobilienmadrid.com\/leistungen\/","name":"Leistungen: Immobilien in Madrid Kaufen oder Mieten","isPartOf":{"@id":"https:\/\/immobilienmadrid.com\/#website"},"primaryImageOfPage":{"@id":"https:\/\/immobilienmadrid.com\/leistungen\/#primaryimage"},"image":{"@id":"https:\/\/immobilienmadrid.com\/leistungen\/#primaryimage"},"thumbnailUrl":"http:\/\/immobilienmadrid.com\/wp-content\/uploads\/2020\/04\/photo-of-people-standing-on-top-of-mountain-near-grasses-733162.jpg","datePublished":"2020-05-12T03:43:04+00:00","dateModified":"2024-08-20T16:16:26+00:00","description":"Wenn Sie eine Immobilie in Madrid kaufen oder mieten m\u00f6chten, fragen Sie uns zu Wohnungen, H\u00e4user mit Garten etc.","breadcrumb":{"@id":"https:\/\/immobilienmadrid.com\/leistungen\/#breadcrumb"},"inLanguage":"de","potentialAction":[{"@type":"ReadAction","target":["https:\/\/immobilienmadrid.com\/leistungen\/"]}]},{"@type":"ImageObject","inLanguage":"de","@id":"https:\/\/immobilienmadrid.com\/leistungen\/#primaryimage","url":"http:\/\/immobilienmadrid.com\/wp-content\/uploads\/2020\/04\/photo-of-people-standing-on-top-of-mountain-near-grasses-733162.jpg","contentUrl":"http:\/\/immobilienmadrid.com\/wp-content\/uploads\/2020\/04\/photo-of-people-standing-on-top-of-mountain-near-grasses-733162.jpg"},{"@type":"BreadcrumbList","@id":"https:\/\/immobilienmadrid.com\/leistungen\/#breadcrumb","itemListElement":[{"@type":"ListItem","position":1,"name":"Portada","item":"https:\/\/immobilienmadrid.com\/"},{"@type":"ListItem","position":2,"name":"Leistungen"}]},{"@type":"WebSite","@id":"https:\/\/immobilienmadrid.com\/#website","url":"https:\/\/immobilienmadrid.com\/","name":"Immobilien in Madrid Kaufen oder Mieten","description":"","publisher":{"@id":"https:\/\/immobilienmadrid.com\/#organization"},"potentialAction":[{"@type":"SearchAction","target":{"@type":"EntryPoint","urlTemplate":"https:\/\/immobilienmadrid.com\/?s={search_term_string}"},"query-input":{"@type":"PropertyValueSpecification","valueRequired":true,"valueName":"search_term_string"}}],"inLanguage":"de"},{"@type":"Organization","@id":"https:\/\/immobilienmadrid.com\/#organization","name":"Immobilien Madrid","url":"https:\/\/immobilienmadrid.com\/","logo":{"@type":"ImageObject","inLanguage":"de","@id":"https:\/\/immobilienmadrid.com\/#\/schema\/logo\/image\/","url":"https:\/\/immobilienmadrid.com\/wp-content\/uploads\/2022\/05\/cropped-immomad_logo-3.png","contentUrl":"https:\/\/immobilienmadrid.com\/wp-content\/uploads\/2022\/05\/cropped-immomad_logo-3.png","width":1080,"height":360,"caption":"Immobilien Madrid"},"image":{"@id":"https:\/\/immobilienmadrid.com\/#\/schema\/logo\/image\/"}}]}},"_links":{"self":[{"href":"https:\/\/immobilienmadrid.com\/de\/wp-json\/wp\/v2\/pages\/219","targetHints":{"allow":["GET"]}}],"collection":[{"href":"https:\/\/immobilienmadrid.com\/de\/wp-json\/wp\/v2\/pages"}],"about":[{"href":"https:\/\/immobilienmadrid.com\/de\/wp-json\/wp\/v2\/types\/page"}],"author":[{"embeddable":true,"href":"https:\/\/immobilienmadrid.com\/de\/wp-json\/wp\/v2\/users\/1"}],"replies":[{"embeddable":true,"href":"https:\/\/immobilienmadrid.com\/de\/wp-json\/wp\/v2\/comments?post=219"}],"version-history":[{"count":4,"href":"https:\/\/immobilienmadrid.com\/de\/wp-json\/wp\/v2\/pages\/219\/revisions"}],"predecessor-version":[{"id":684,"href":"https:\/\/immobilienmadrid.com\/de\/wp-json\/wp\/v2\/pages\/219\/revisions\/684"}],"wp:attachment":[{"href":"https:\/\/immobilienmadrid.com\/de\/wp-json\/wp\/v2\/media?parent=219"}],"curies":[{"name":"wp","href":"https:\/\/api.w.org\/{rel}","templated":true}]}}