{"id":218,"date":"2020-05-12T03:43:04","date_gmt":"2020-05-12T03:43:04","guid":{"rendered":"https:\/\/immobilienmadrid.com\/about\/"},"modified":"2024-08-20T17:59:44","modified_gmt":"2024-08-20T15:59:44","slug":"ueber-uns","status":"publish","type":"page","link":"https:\/\/immobilienmadrid.com\/de\/ueber-uns\/","title":{"rendered":"\u00dcber Uns"},"content":{"rendered":"\n<div class=\"wp-block-cover alignfull is-light\" style=\"min-height:380px;aspect-ratio:unset;\"><span aria-hidden=\"true\" class=\"wp-block-cover__background has-background-dim\" style=\"background-color:#b69773\"><\/span><img loading=\"lazy\" decoding=\"async\" width=\"2560\" height=\"1707\" class=\"wp-block-cover__image-background wp-image-10\" alt=\"\" src=\"http:\/\/immobilienmadrid.com\/wp-content\/uploads\/2022\/05\/pexels-jonathan-borba-3316918-scaled.jpg\" style=\"object-position:50% 45%\" data-object-fit=\"cover\" data-object-position=\"50% 45%\" srcset=\"https:\/\/immobilienmadrid.com\/wp-content\/uploads\/2022\/05\/pexels-jonathan-borba-3316918-scaled.jpg 2560w, https:\/\/immobilienmadrid.com\/wp-content\/uploads\/2022\/05\/pexels-jonathan-borba-3316918-300x200.jpg 300w, https:\/\/immobilienmadrid.com\/wp-content\/uploads\/2022\/05\/pexels-jonathan-borba-3316918-1024x683.jpg 1024w, https:\/\/immobilienmadrid.com\/wp-content\/uploads\/2022\/05\/pexels-jonathan-borba-3316918-768x512.jpg 768w, https:\/\/immobilienmadrid.com\/wp-content\/uploads\/2022\/05\/pexels-jonathan-borba-3316918-1536x1024.jpg 1536w, https:\/\/immobilienmadrid.com\/wp-content\/uploads\/2022\/05\/pexels-jonathan-borba-3316918-2048x1365.jpg 2048w\" sizes=\"auto, (max-width: 2560px) 100vw, 2560px\" \/><div class=\"wp-block-cover__inner-container is-layout-flow wp-block-cover-is-layout-flow\">\n<h1 class=\"wp-block-heading has-text-align-center has-white-color has-text-color\">\u00dcber uns\u200b<\/h1>\n<\/div><\/div>\n\n\n\n<div class=\"inherit-container-width wp-block-group alignfull has-ast-global-color-5-background-color has-background is-layout-constrained wp-block-group-is-layout-constrained\"><div class=\"wp-block-group__inner-container\">\n<div class=\"wp-block-columns is-layout-flex wp-container-core-columns-is-layout-28f84493 wp-block-columns-is-layout-flex\">\n<div class=\"wp-block-column is-layout-flow wp-block-column-is-layout-flow\">\n<h2 class=\"wp-block-heading\">seit 2021\u200b<\/h2>\n<\/div>\n\n\n\n<div class=\"wp-block-column is-layout-flow wp-block-column-is-layout-flow\">\n<p><strong>Hallo! Wir sind ImmobilienMadrid.com <\/strong>und dahinter stehen wir, Spezialisten im Verkauf von Immobilien in Madrid. Dank unserer langj\u00e4hrigen Erfahrung im Wohnungssektor finden wir immer die passende Immobilie f\u00fcr Ihre W\u00fcnsche.<\/p>\n\n\n\n<p>Seit 2021 betreiben wir unsere Immobilen Agentur in Madrid f\u00fcr Deutsche die hier eine Wohnung oder ein Haus kaufen m\u00f6chten. Dabei bieten wir g\u00fcnstige Makler Konditionen und einen umfassenden Service. Als Deutsche mit mehr als 15 Jahren in Spanien kennen wir die Spanischen Gesetze genau und sprechen fliessend Spanisch um Ihnen alle Prozesse zu erleichtern.<\/p>\n\n\n\n<p>Wir freuen uns auf Sie!<\/p>\n\n\n\n<h3 class=\"wp-block-heading\">Manolo<\/h3>\n<\/div>\n<\/div>\n<\/div><\/div>\n\n\n\n<div class=\"inherit-container-width wp-block-group alignfull has-ast-global-color-4-background-color has-background is-layout-constrained wp-block-group-is-layout-constrained\"><div class=\"wp-block-group__inner-container\">\n<div class=\"wp-block-columns is-layout-flex wp-container-core-columns-is-layout-28f84493 wp-block-columns-is-layout-flex\">\n<div class=\"wp-block-column is-layout-flow wp-block-column-is-layout-flow\">\n<h2 class=\"wp-block-heading\">Mission<\/h2>\n\n\n\n<p>Wir verhelfen unseren Kunden zu Ihrer Traumwohnung oder Traumhaus ohne Stress.<\/p>\n<\/div>\n\n\n\n<div class=\"wp-block-column is-layout-flow wp-block-column-is-layout-flow\">\n<h2 class=\"wp-block-heading\">Vision<\/h2>\n\n\n\n<p>Jeder der eine Immobilie in Madrid sucht soll eine finden die zu Ihm\/Ihr passt und einen umfassenden Service erhalten.<\/p>\n<\/div>\n\n\n\n<div class=\"wp-block-column is-layout-flow wp-block-column-is-layout-flow\">\n<h2 class=\"wp-block-heading\">Werte<\/h2>\n\n\n\n<ul class=\"wp-block-list\">\n<li>P\u00fcnktlichkeit<\/li>\n\n\n\n<li>Qualit\u00e4t<\/li>\n\n\n\n<li>Perfektionismus<\/li>\n<\/ul>\n<\/div>\n<\/div>\n<\/div><\/div>\n","protected":false},"excerpt":{"rendered":"<p>seit 2021\u200b Hallo! Wir sind ImmobilienMadrid.com und dahinter stehen wir, Spezialisten im Verkauf von Immobilien in Madrid. Dank unserer langj\u00e4hrigen Erfahrung im Wohnungssektor finden wir immer die passende Immobilie f\u00fcr Ihre W\u00fcnsche. Seit 2021 betreiben wir unsere Immobilen Agentur in Madrid f\u00fcr Deutsche die hier eine Wohnung oder ein Haus kaufen m\u00f6chten. Dabei bieten wir [&hellip;]<\/p>\n","protected":false},"author":1,"featured_media":0,"parent":0,"menu_order":0,"comment_status":"closed","ping_status":"closed","template":"","meta":{"site-sidebar-layout":"no-sidebar","site-content-layout":"plain-container","ast-site-content-layout":"normal-width-container","site-content-style":"unboxed","site-sidebar-style":"unboxed","ast-global-header-display":"","ast-banner-title-visibility":"","ast-main-header-display":"","ast-hfb-above-header-display":"","ast-hfb-below-header-display":"","ast-hfb-mobile-header-display":"","site-post-title":"disabled","ast-breadcrumbs-content":"","ast-featured-img":"disabled","footer-sml-layout":"","ast-disable-related-posts":"","theme-transparent-header-meta":"enabled","adv-header-id-meta":"","stick-header-meta":"","header-above-stick-meta":"","header-main-stick-meta":"","header-below-stick-meta":"","astra-migrate-meta-layouts":"set","ast-page-background-enabled":"default","ast-page-background-meta":{"desktop":{"background-color":"","background-image":"","background-repeat":"repeat","background-position":"center center","background-size":"auto","background-attachment":"scroll","background-type":"","background-media":"","overlay-type":"","overlay-color":"","overlay-opacity":"","overlay-gradient":""},"tablet":{"background-color":"","background-image":"","background-repeat":"repeat","background-position":"center center","background-size":"auto","background-attachment":"scroll","background-type":"","background-media":"","overlay-type":"","overlay-color":"","overlay-opacity":"","overlay-gradient":""},"mobile":{"background-color":"","background-image":"","background-repeat":"repeat","background-position":"center center","background-size":"auto","background-attachment":"scroll","background-type":"","background-media":"","overlay-type":"","overlay-color":"","overlay-opacity":"","overlay-gradient":""}},"ast-content-background-meta":{"desktop":{"background-color":"var(--ast-global-color-5)","background-image":"","background-repeat":"repeat","background-position":"center center","background-size":"auto","background-attachment":"scroll","background-type":"","background-media":"","overlay-type":"","overlay-color":"","overlay-opacity":"","overlay-gradient":""},"tablet":{"background-color":"var(--ast-global-color-5)","background-image":"","background-repeat":"repeat","background-position":"center center","background-size":"auto","background-attachment":"scroll","background-type":"","background-media":"","overlay-type":"","overlay-color":"","overlay-opacity":"","overlay-gradient":""},"mobile":{"background-color":"var(--ast-global-color-5)","background-image":"","background-repeat":"repeat","background-position":"center center","background-size":"auto","background-attachment":"scroll","background-type":"","background-media":"","overlay-type":"","overlay-color":"","overlay-opacity":"","overlay-gradient":""}},"footnotes":""},"class_list":["post-218","page","type-page","status-publish","hentry"],"yoast_head":"<!-- This site is optimized with the Yoast SEO plugin v27.5 - https:\/\/yoast.com\/product\/yoast-seo-wordpress\/ -->\n<title>\u00dcber Uns<\/title>\n<meta name=\"description\" content=\"\u00dcber uns\u200b seit 2021\u200b Hallo! Wir sind ImmobilienMadrid.com und dahinter stehen wir, Spezialisten im Verkauf von Immobilien in Madrid. Dank unserer\" \/>\n<meta name=\"robots\" content=\"index, follow, max-snippet:-1, max-image-preview:large, max-video-preview:-1\" \/>\n<link rel=\"canonical\" href=\"https:\/\/immobilienmadrid.com\/de\/ueber-uns\/\" \/>\n<meta property=\"og:locale\" content=\"de_DE\" \/>\n<meta property=\"og:type\" content=\"article\" \/>\n<meta property=\"og:title\" content=\"\u00dcber Uns\" \/>\n<meta property=\"og:description\" content=\"\u00dcber uns\u200b seit 2021\u200b Hallo! Wir sind ImmobilienMadrid.com und dahinter stehen wir, Spezialisten im Verkauf von Immobilien in Madrid. Dank unserer\" \/>\n<meta property=\"og:url\" content=\"https:\/\/immobilienmadrid.com\/de\/ueber-uns\/\" \/>\n<meta property=\"og:site_name\" content=\"Immobilien in Madrid Kaufen oder Mieten\" \/>\n<meta property=\"article:modified_time\" content=\"2024-08-20T15:59:44+00:00\" \/>\n<meta property=\"og:image\" content=\"http:\/\/immobilienmadrid.com\/wp-content\/uploads\/2022\/05\/pexels-jonathan-borba-3316918-scaled.jpg\" \/>\n<meta name=\"twitter:card\" content=\"summary_large_image\" \/>\n<meta name=\"twitter:label1\" content=\"Gesch\u00e4tzte Lesezeit\" \/>\n\t<meta name=\"twitter:data1\" content=\"1\u00a0Minute\" \/>\n<script type=\"application\/ld+json\" class=\"yoast-schema-graph\">{\"@context\":\"https:\\\/\\\/schema.org\",\"@graph\":[{\"@type\":\"WebPage\",\"@id\":\"https:\\\/\\\/immobilienmadrid.com\\\/ueber-uns\\\/\",\"url\":\"https:\\\/\\\/immobilienmadrid.com\\\/ueber-uns\\\/\",\"name\":\"\u00dcber Uns\",\"isPartOf\":{\"@id\":\"https:\\\/\\\/immobilienmadrid.com\\\/#website\"},\"primaryImageOfPage\":{\"@id\":\"https:\\\/\\\/immobilienmadrid.com\\\/ueber-uns\\\/#primaryimage\"},\"image\":{\"@id\":\"https:\\\/\\\/immobilienmadrid.com\\\/ueber-uns\\\/#primaryimage\"},\"thumbnailUrl\":\"http:\\\/\\\/immobilienmadrid.com\\\/wp-content\\\/uploads\\\/2022\\\/05\\\/pexels-jonathan-borba-3316918-scaled.jpg\",\"datePublished\":\"2020-05-12T03:43:04+00:00\",\"dateModified\":\"2024-08-20T15:59:44+00:00\",\"description\":\"\u00dcber uns\u200b seit 2021\u200b Hallo! Wir sind ImmobilienMadrid.com und dahinter stehen wir, Spezialisten im Verkauf von Immobilien in Madrid. Dank unserer\",\"breadcrumb\":{\"@id\":\"https:\\\/\\\/immobilienmadrid.com\\\/ueber-uns\\\/#breadcrumb\"},\"inLanguage\":\"de\",\"potentialAction\":[{\"@type\":\"ReadAction\",\"target\":[\"https:\\\/\\\/immobilienmadrid.com\\\/ueber-uns\\\/\"]}]},{\"@type\":\"ImageObject\",\"inLanguage\":\"de\",\"@id\":\"https:\\\/\\\/immobilienmadrid.com\\\/ueber-uns\\\/#primaryimage\",\"url\":\"http:\\\/\\\/immobilienmadrid.com\\\/wp-content\\\/uploads\\\/2022\\\/05\\\/pexels-jonathan-borba-3316918-scaled.jpg\",\"contentUrl\":\"http:\\\/\\\/immobilienmadrid.com\\\/wp-content\\\/uploads\\\/2022\\\/05\\\/pexels-jonathan-borba-3316918-scaled.jpg\"},{\"@type\":\"BreadcrumbList\",\"@id\":\"https:\\\/\\\/immobilienmadrid.com\\\/ueber-uns\\\/#breadcrumb\",\"itemListElement\":[{\"@type\":\"ListItem\",\"position\":1,\"name\":\"Portada\",\"item\":\"https:\\\/\\\/immobilienmadrid.com\\\/\"},{\"@type\":\"ListItem\",\"position\":2,\"name\":\"\u00dcber Uns\"}]},{\"@type\":\"WebSite\",\"@id\":\"https:\\\/\\\/immobilienmadrid.com\\\/#website\",\"url\":\"https:\\\/\\\/immobilienmadrid.com\\\/\",\"name\":\"Immobilien in Madrid Kaufen oder Mieten\",\"description\":\"\",\"publisher\":{\"@id\":\"https:\\\/\\\/immobilienmadrid.com\\\/#organization\"},\"potentialAction\":[{\"@type\":\"SearchAction\",\"target\":{\"@type\":\"EntryPoint\",\"urlTemplate\":\"https:\\\/\\\/immobilienmadrid.com\\\/?s={search_term_string}\"},\"query-input\":{\"@type\":\"PropertyValueSpecification\",\"valueRequired\":true,\"valueName\":\"search_term_string\"}}],\"inLanguage\":\"de\"},{\"@type\":\"Organization\",\"@id\":\"https:\\\/\\\/immobilienmadrid.com\\\/#organization\",\"name\":\"Immobilien Madrid\",\"url\":\"https:\\\/\\\/immobilienmadrid.com\\\/\",\"logo\":{\"@type\":\"ImageObject\",\"inLanguage\":\"de\",\"@id\":\"https:\\\/\\\/immobilienmadrid.com\\\/#\\\/schema\\\/logo\\\/image\\\/\",\"url\":\"https:\\\/\\\/immobilienmadrid.com\\\/wp-content\\\/uploads\\\/2022\\\/05\\\/cropped-immomad_logo-3.png\",\"contentUrl\":\"https:\\\/\\\/immobilienmadrid.com\\\/wp-content\\\/uploads\\\/2022\\\/05\\\/cropped-immomad_logo-3.png\",\"width\":1080,\"height\":360,\"caption\":\"Immobilien Madrid\"},\"image\":{\"@id\":\"https:\\\/\\\/immobilienmadrid.com\\\/#\\\/schema\\\/logo\\\/image\\\/\"}}]}<\/script>\n<!-- \/ Yoast SEO plugin. -->","yoast_head_json":{"title":"\u00dcber Uns","description":"\u00dcber uns\u200b seit 2021\u200b Hallo! Wir sind ImmobilienMadrid.com und dahinter stehen wir, Spezialisten im Verkauf von Immobilien in Madrid. Dank unserer","robots":{"index":"index","follow":"follow","max-snippet":"max-snippet:-1","max-image-preview":"max-image-preview:large","max-video-preview":"max-video-preview:-1"},"canonical":"https:\/\/immobilienmadrid.com\/de\/ueber-uns\/","og_locale":"de_DE","og_type":"article","og_title":"\u00dcber Uns","og_description":"\u00dcber uns\u200b seit 2021\u200b Hallo! Wir sind ImmobilienMadrid.com und dahinter stehen wir, Spezialisten im Verkauf von Immobilien in Madrid. Dank unserer","og_url":"https:\/\/immobilienmadrid.com\/de\/ueber-uns\/","og_site_name":"Immobilien in Madrid Kaufen oder Mieten","article_modified_time":"2024-08-20T15:59:44+00:00","og_image":[{"url":"http:\/\/immobilienmadrid.com\/wp-content\/uploads\/2022\/05\/pexels-jonathan-borba-3316918-scaled.jpg","type":"","width":"","height":""}],"twitter_card":"summary_large_image","twitter_misc":{"Gesch\u00e4tzte Lesezeit":"1\u00a0Minute"},"schema":{"@context":"https:\/\/schema.org","@graph":[{"@type":"WebPage","@id":"https:\/\/immobilienmadrid.com\/ueber-uns\/","url":"https:\/\/immobilienmadrid.com\/ueber-uns\/","name":"\u00dcber Uns","isPartOf":{"@id":"https:\/\/immobilienmadrid.com\/#website"},"primaryImageOfPage":{"@id":"https:\/\/immobilienmadrid.com\/ueber-uns\/#primaryimage"},"image":{"@id":"https:\/\/immobilienmadrid.com\/ueber-uns\/#primaryimage"},"thumbnailUrl":"http:\/\/immobilienmadrid.com\/wp-content\/uploads\/2022\/05\/pexels-jonathan-borba-3316918-scaled.jpg","datePublished":"2020-05-12T03:43:04+00:00","dateModified":"2024-08-20T15:59:44+00:00","description":"\u00dcber uns\u200b seit 2021\u200b Hallo! Wir sind ImmobilienMadrid.com und dahinter stehen wir, Spezialisten im Verkauf von Immobilien in Madrid. Dank unserer","breadcrumb":{"@id":"https:\/\/immobilienmadrid.com\/ueber-uns\/#breadcrumb"},"inLanguage":"de","potentialAction":[{"@type":"ReadAction","target":["https:\/\/immobilienmadrid.com\/ueber-uns\/"]}]},{"@type":"ImageObject","inLanguage":"de","@id":"https:\/\/immobilienmadrid.com\/ueber-uns\/#primaryimage","url":"http:\/\/immobilienmadrid.com\/wp-content\/uploads\/2022\/05\/pexels-jonathan-borba-3316918-scaled.jpg","contentUrl":"http:\/\/immobilienmadrid.com\/wp-content\/uploads\/2022\/05\/pexels-jonathan-borba-3316918-scaled.jpg"},{"@type":"BreadcrumbList","@id":"https:\/\/immobilienmadrid.com\/ueber-uns\/#breadcrumb","itemListElement":[{"@type":"ListItem","position":1,"name":"Portada","item":"https:\/\/immobilienmadrid.com\/"},{"@type":"ListItem","position":2,"name":"\u00dcber Uns"}]},{"@type":"WebSite","@id":"https:\/\/immobilienmadrid.com\/#website","url":"https:\/\/immobilienmadrid.com\/","name":"Immobilien in Madrid Kaufen oder Mieten","description":"","publisher":{"@id":"https:\/\/immobilienmadrid.com\/#organization"},"potentialAction":[{"@type":"SearchAction","target":{"@type":"EntryPoint","urlTemplate":"https:\/\/immobilienmadrid.com\/?s={search_term_string}"},"query-input":{"@type":"PropertyValueSpecification","valueRequired":true,"valueName":"search_term_string"}}],"inLanguage":"de"},{"@type":"Organization","@id":"https:\/\/immobilienmadrid.com\/#organization","name":"Immobilien Madrid","url":"https:\/\/immobilienmadrid.com\/","logo":{"@type":"ImageObject","inLanguage":"de","@id":"https:\/\/immobilienmadrid.com\/#\/schema\/logo\/image\/","url":"https:\/\/immobilienmadrid.com\/wp-content\/uploads\/2022\/05\/cropped-immomad_logo-3.png","contentUrl":"https:\/\/immobilienmadrid.com\/wp-content\/uploads\/2022\/05\/cropped-immomad_logo-3.png","width":1080,"height":360,"caption":"Immobilien Madrid"},"image":{"@id":"https:\/\/immobilienmadrid.com\/#\/schema\/logo\/image\/"}}]}},"_links":{"self":[{"href":"https:\/\/immobilienmadrid.com\/de\/wp-json\/wp\/v2\/pages\/218","targetHints":{"allow":["GET"]}}],"collection":[{"href":"https:\/\/immobilienmadrid.com\/de\/wp-json\/wp\/v2\/pages"}],"about":[{"href":"https:\/\/immobilienmadrid.com\/de\/wp-json\/wp\/v2\/types\/page"}],"author":[{"embeddable":true,"href":"https:\/\/immobilienmadrid.com\/de\/wp-json\/wp\/v2\/users\/1"}],"replies":[{"embeddable":true,"href":"https:\/\/immobilienmadrid.com\/de\/wp-json\/wp\/v2\/comments?post=218"}],"version-history":[{"count":9,"href":"https:\/\/immobilienmadrid.com\/de\/wp-json\/wp\/v2\/pages\/218\/revisions"}],"predecessor-version":[{"id":679,"href":"https:\/\/immobilienmadrid.com\/de\/wp-json\/wp\/v2\/pages\/218\/revisions\/679"}],"wp:attachment":[{"href":"https:\/\/immobilienmadrid.com\/de\/wp-json\/wp\/v2\/media?parent=218"}],"curies":[{"name":"wp","href":"https:\/\/api.w.org\/{rel}","templated":true}]}}